{"id":33,"date":"2024-03-07T08:40:22","date_gmt":"2024-03-07T08:40:22","guid":{"rendered":"https:\/\/kentatheme.com\/kenta-creato\/?page_id=16"},"modified":"2025-03-27T14:25:48","modified_gmt":"2025-03-27T13:25:48","slug":"home","status":"publish","type":"page","link":"https:\/\/captcha.ms.polsl.pl\/","title":{"rendered":"Strona G\u0142\u00f3wna"},"content":{"rendered":"\n<div class=\"wp-block-cover alignfull is-light has-custom-content-position is-position-top-center has-text-color has-link-color wp-elements-4b13fe9e03e6bffc80dd70fe51d437b6 wp-duotone-unset-1\" style=\"color:#fefefe;min-height:100vh;aspect-ratio:unset;\"><span aria-hidden=\"true\" class=\"wp-block-cover__background has-background-dim-20 has-background-dim\"><\/span><div class=\"wp-block-cover__inner-container has-global-padding is-layout-constrained wp-block-cover-is-layout-constrained\">\n<div class=\"wp-block-kenta-blocks-slides alignfull kb-slides-00ce5999 kb-slides\"><button class=\"kb-slides-prev-arrow kb-slides-arrow\" id=\"kb-slides-prev-00ce5999\"><i class=\"fas fa-chevron-left\"><\/i><\/button><div class=\"kb-slides-inner-container\">\n<div class=\"wp-block-kenta-blocks-slide-item kb-slide-item-30e43df0 kb-slide-item kb-slide-item-has-overlay blockHeight\"><div class=\"kb-slide-item-inner-container\">\n<h1 class=\"wp-block-heading has-text-align-center has-white-color has-text-color has-link-color wp-elements-0e0ec964a7ec5731fa0597d9767a5d96\" style=\"font-size:clamp(44.551px, 2.784rem + ((1vw - 3.2px) * 5.055), 86px);font-style:normal;font-weight:700\">CAPTCHA<\/h1>\n\n\n\n<p class=\"has-text-align-center has-text-color has-link-color has-kenta-font-small-font-size wp-elements-1217ed7fe1f785a4e22b41b1066bd613\" style=\"color:#ffffffbf;margin-bottom:var(--wp--preset--spacing--60)\">STUDENCKIE KO\u0141O NAUKOWE INTERAKCJI CZ\u0141OWIEK-MASZYNA<\/p>\n\n\n\n<div class=\"wp-block-buttons is-content-justification-center is-layout-flex wp-container-core-buttons-is-layout-62ac122f wp-block-buttons-is-layout-flex\" style=\"margin-top:0;margin-bottom:0\">\n<div class=\"wp-block-button has-custom-font-size is-style-fill has-kenta-font-small-font-size\" style=\"font-style:normal;font-weight:600;letter-spacing:1px;text-transform:capitalize\"><a class=\"wp-block-button__link has-white-color has-kenta-primary-background-color has-text-color has-background has-link-color has-text-align-center wp-element-button\" href=\"#recent-posts\" style=\"border-style:none;border-width:0px;border-radius:100px;padding-right:var(--wp--preset--spacing--60);padding-left:var(--wp--preset--spacing--60)\">WI\u0118CEJ<\/a><\/div>\n<\/div>\n<\/div><\/div>\n\n\n\n<div class=\"wp-block-kenta-blocks-slide-item kb-slide-item-b55634be kb-slide-item kb-slide-item-has-overlay blockHeight\"><div class=\"kb-slide-item-inner-container\">\n<h1 class=\"wp-block-heading has-text-align-center has-white-color has-text-color has-link-color wp-elements-d8cc9c6fa24e09e3f3e9ef30160e2955\" style=\"font-size:clamp(28.836px, 1.802rem + ((1vw - 3.2px) * 2.581), 50px);font-style:normal;font-weight:700\">KIM JESTE\u015aMY?<\/h1>\n\n\n\n<p class=\"has-text-align-center has-text-color has-link-color has-kenta-font-small-font-size wp-elements-73d20ad3e72ae3895f0adc0423b954f0\" style=\"color:#ffffffbf;margin-bottom:var(--wp--preset--spacing--60)\">Jeste\u015bmy ko\u0142em naukowym zrzeszaj\u0105cym mi\u0142o\u015bnik\u00f3w informatyki z naciskiem na interakcj\u0119 cz\u0142owiek-maszyna. Wykorzystujemy r\u00f3\u017cne technologie &#8211; <em>te nowe jak i te starsze<\/em> &#8211; do realizacji naszych ciekawych projekt\u00f3w. Je\u015bli jeste\u015b zainteresowane odwied\u017a nasze posty z kategorii <\/p>\n\n\n\n<div class=\"wp-block-buttons is-content-justification-center is-layout-flex wp-container-core-buttons-is-layout-c3d5205c wp-block-buttons-is-layout-flex\" style=\"margin-top:0;margin-bottom:0\">\n<div class=\"wp-block-button has-custom-font-size is-style-fill has-kenta-font-small-font-size\" style=\"font-style:normal;font-weight:600;letter-spacing:1px;text-transform:capitalize\"><a class=\"wp-block-button__link has-white-color has-kenta-primary-background-color has-text-color has-background has-link-color has-text-align-center wp-element-button\" href=\"http:\/\/captcha.ms.polsl.pl\/index.php\/category\/projekty\" style=\"border-style:none;border-width:0px;border-radius:100px;padding-right:var(--wp--preset--spacing--60);padding-left:var(--wp--preset--spacing--60)\">pROJEKTY<\/a><\/div>\n<\/div>\n<\/div><\/div>\n\n\n\n<div class=\"wp-block-kenta-blocks-slide-item kb-slide-item-9eb8bea7 kb-slide-item kb-slide-item-has-overlay blockHeight\"><div class=\"kb-slide-item-inner-container\">\n<h1 class=\"wp-block-heading has-text-align-center has-white-color has-text-color has-link-color wp-elements-0c15ab6df8497154bebaecf37ca36207\" style=\"font-size:clamp(28.836px, 1.802rem + ((1vw - 3.2px) * 2.581), 50px);font-style:normal;font-weight:700\">ODWIED\u0179 NAS<\/h1>\n\n\n\n<p class=\"has-text-align-center has-text-color has-link-color has-kenta-font-small-font-size wp-elements-015155e25566a9788166563b3d77bb1c\" style=\"color:#ffffffbf;margin-bottom:var(--wp--preset--spacing--60)\">Dowiedz si\u0119 na jakich mediach spo\u0142eczno\u015bciowych mo\u017cna nas znale\u017a\u0107 oraz poznaj cz\u0142onk\u00f3w naszego ko\u0142a<\/p>\n\n\n\n<div class=\"wp-block-buttons is-content-justification-center is-layout-flex wp-container-core-buttons-is-layout-c3d5205c wp-block-buttons-is-layout-flex\" style=\"margin-top:0;margin-bottom:0\">\n<div class=\"wp-block-button has-custom-font-size is-style-fill has-kenta-font-small-font-size\" style=\"font-style:normal;font-weight:600;letter-spacing:1px;text-transform:capitalize\"><a class=\"wp-block-button__link has-white-color has-kenta-primary-background-color has-text-color has-background has-link-color has-text-align-center wp-element-button\" href=\"#community\" style=\"border-style:none;border-width:0px;border-radius:100px;padding-right:var(--wp--preset--spacing--60);padding-left:var(--wp--preset--spacing--60)\">KONTAKT<\/a><\/div>\n<\/div>\n<\/div><\/div>\n<\/div><button class=\"kb-slides-next-arrow kb-slides-arrow\" id=\"kb-slides-next-00ce5999\"><i class=\"fas fa-chevron-right\"><\/i><\/button><div class=\"kb-slides-dots\"><\/div><\/div>\n<\/div><\/div>\n\n\n\n<div class=\"wp-block-kenta-blocks-spacer kb-spacer-01832c52 kb-spacer\" aria-hidden=\"true\" id=\"recent-posts\"><\/div>\n\n\n\n<h1 class=\"wp-block-heading has-text-align-center\">AKTUALNO\u015aCI<\/h1>\n\n\n\n<div class=\"wp-block-kenta-blocks-group kb-group-920ac117 kb-group\"><div class=\"kb-group-inner-container\">\n<p class=\"has-text-align-center\">Zobacz, co si\u0119 u nas ostatnio dzieje<\/p>\n\n\n\n<div class=\"wp-block-kenta-blocks-query kb-query kb-query-83af9738\"><div class=\"kb-posts-magazine not-prose kb-posts-magazine-c9196359 wp-block-kenta-blocks-posts-magazine\"><article class=\"kb-magazine-item kb-magazine-dynamic-item post-581 post type-post status-publish format-standard hentry category-projekty\"><div class=\"kb-post-item-inner kb-post-item-inner-has-overlay\"><div class=\"kb-post-item-thumb\"><\/div><div class=\"kb-post-item-content\">\n\n<div class=\"wp-block-kenta-blocks-group kb-group-bbe525ec kb-group\"><div class=\"kb-group-inner-container\"><div class=\"kb-post-taxonomy kb-post-taxonomy-category kb-post-taxonomy-e34c0622 wp-block-kenta-blocks-post-taxonomy\" data-tax-type=\"badge\"><a href=\"https:\/\/captcha.ms.polsl.pl\/index.php\/category\/projekty\/\" rel=\"tag\">Projekty<\/a><\/div>\n\n<div class=\"kb-post-title kb-post-title-h2 kb-post-title-ff857a6c wp-block-kenta-blocks-post-title\"><h2><a href=\"https:\/\/captcha.ms.polsl.pl\/index.php\/2025\/09\/26\/rehabilitacyjna-gra-vr\/\" target=\"_self\">Rehabilitacyjna Gra VR &#8211; do\u0142\u0105cz do zespo\u0142u!<\/a><\/h2><\/div>\n\n<div class=\"kb-post-metas kb-post-metas-7b89f43c wp-block-kenta-blocks-post-metas\"><span class=\"byline meta-item\"> <i class=\"fas fa-feather\"><\/i><a class=\"kb-post-meta-link\" href=\"https:\/\/captcha.ms.polsl.pl\/index.php\/author\/admin\/\">admin<\/a><\/span><span class=\"meta-divider\"><svg xmlns=\"http:\/\/www.w3.org\/2000\/svg\" width=\"16\" height=\"16\" viewBox=\"0 0 24 24\"><path d=\"M9,17.2l5.1-10.9L15,6.8L9.9,17.6L9,17.2z\" \/><\/svg><\/span><span class=\"meta-item posted-on\"><i class=\"far fa-calendar\"><\/i><a class=\"kb-post-meta-link\" href=\"https:\/\/captcha.ms.polsl.pl\/index.php\/2025\/09\/26\/rehabilitacyjna-gra-vr\/\" rel=\"bookmark\"><span class=\"entry-date\">wrz 26, 2025wrz 26, 2025<\/span><\/a><\/span><span class=\"meta-divider\"><svg xmlns=\"http:\/\/www.w3.org\/2000\/svg\" width=\"16\" height=\"16\" viewBox=\"0 0 24 24\"><path d=\"M9,17.2l5.1-10.9L15,6.8L9.9,17.6L9,17.2z\" \/><\/svg><\/span><\/div><\/div><\/div>\n\n<\/div><\/div><\/article><article class=\"kb-magazine-item kb-magazine-dynamic-item post-524 post type-post status-publish format-standard has-post-thumbnail hentry category-newsy\"><div class=\"kb-post-item-inner kb-post-item-inner-has-overlay\"><div class=\"kb-post-item-thumb\" style=\"background-image: url(https:\/\/captcha.ms.polsl.pl\/wp-content\/uploads\/2024\/06\/aichallenger1-1-scaled-e1717702430941.jpg)\"><\/div><div class=\"kb-post-item-content\">\n\n<div class=\"wp-block-kenta-blocks-group kb-group-bbe525ec kb-group\"><div class=\"kb-group-inner-container\"><div class=\"kb-post-taxonomy kb-post-taxonomy-category kb-post-taxonomy-e34c0622 wp-block-kenta-blocks-post-taxonomy\" data-tax-type=\"badge\"><a href=\"https:\/\/captcha.ms.polsl.pl\/index.php\/category\/newsy\/\" rel=\"tag\">Newsy<\/a><\/div>\n\n<div class=\"kb-post-title kb-post-title-h2 kb-post-title-ff857a6c wp-block-kenta-blocks-post-title\"><h2><a href=\"https:\/\/captcha.ms.polsl.pl\/index.php\/2024\/06\/06\/ai-challenger-forum-2024\/\" target=\"_self\">AI Challenger Forum 2024<\/a><\/h2><\/div>\n\n<div class=\"kb-post-metas kb-post-metas-7b89f43c wp-block-kenta-blocks-post-metas\"><span class=\"byline meta-item\"> <i class=\"fas fa-feather\"><\/i><a class=\"kb-post-meta-link\" href=\"https:\/\/captcha.ms.polsl.pl\/index.php\/author\/admin\/\">admin<\/a><\/span><span class=\"meta-divider\"><svg xmlns=\"http:\/\/www.w3.org\/2000\/svg\" width=\"16\" height=\"16\" viewBox=\"0 0 24 24\"><path d=\"M9,17.2l5.1-10.9L15,6.8L9.9,17.6L9,17.2z\" \/><\/svg><\/span><span class=\"meta-item posted-on\"><i class=\"far fa-calendar\"><\/i><a class=\"kb-post-meta-link\" href=\"https:\/\/captcha.ms.polsl.pl\/index.php\/2024\/06\/06\/ai-challenger-forum-2024\/\" rel=\"bookmark\"><span class=\"entry-date\">cze 6, 2024<\/span><\/a><\/span><span class=\"meta-divider\"><svg xmlns=\"http:\/\/www.w3.org\/2000\/svg\" width=\"16\" height=\"16\" viewBox=\"0 0 24 24\"><path d=\"M9,17.2l5.1-10.9L15,6.8L9.9,17.6L9,17.2z\" \/><\/svg><\/span><\/div><\/div><\/div>\n\n<\/div><\/div><\/article><article class=\"kb-magazine-item kb-magazine-dynamic-item post-507 post type-post status-publish format-standard has-post-thumbnail hentry category-hackaton category-newsy\"><div class=\"kb-post-item-inner kb-post-item-inner-has-overlay\"><div class=\"kb-post-item-thumb\" style=\"background-image: url(https:\/\/captcha.ms.polsl.pl\/wp-content\/uploads\/2024\/06\/IMG_8418-1-scaled-e1717528851770.jpg)\"><\/div><div class=\"kb-post-item-content\">\n\n<div class=\"wp-block-kenta-blocks-group kb-group-bbe525ec kb-group\"><div class=\"kb-group-inner-container\"><div class=\"kb-post-taxonomy kb-post-taxonomy-category kb-post-taxonomy-e34c0622 wp-block-kenta-blocks-post-taxonomy\" data-tax-type=\"badge\"><a href=\"https:\/\/captcha.ms.polsl.pl\/index.php\/category\/hackaton\/\" rel=\"tag\">Hackaton<\/a><a href=\"https:\/\/captcha.ms.polsl.pl\/index.php\/category\/newsy\/\" rel=\"tag\">Newsy<\/a><\/div>\n\n<div class=\"kb-post-title kb-post-title-h2 kb-post-title-ff857a6c wp-block-kenta-blocks-post-title\"><h2><a href=\"https:\/\/captcha.ms.polsl.pl\/index.php\/2024\/06\/04\/hackaton-i-edycja\/\" target=\"_self\">Hackathon I edycja<\/a><\/h2><\/div>\n\n<div class=\"kb-post-metas kb-post-metas-7b89f43c wp-block-kenta-blocks-post-metas\"><span class=\"byline meta-item\"> <i class=\"fas fa-feather\"><\/i><a class=\"kb-post-meta-link\" href=\"https:\/\/captcha.ms.polsl.pl\/index.php\/author\/admin\/\">admin<\/a><\/span><span class=\"meta-divider\"><svg xmlns=\"http:\/\/www.w3.org\/2000\/svg\" width=\"16\" height=\"16\" viewBox=\"0 0 24 24\"><path d=\"M9,17.2l5.1-10.9L15,6.8L9.9,17.6L9,17.2z\" \/><\/svg><\/span><span class=\"meta-item posted-on\"><i class=\"far fa-calendar\"><\/i><a class=\"kb-post-meta-link\" href=\"https:\/\/captcha.ms.polsl.pl\/index.php\/2024\/06\/04\/hackaton-i-edycja\/\" rel=\"bookmark\"><span class=\"entry-date\">cze 4, 2024cze 4, 2024<\/span><\/a><\/span><span class=\"meta-divider\"><svg xmlns=\"http:\/\/www.w3.org\/2000\/svg\" width=\"16\" height=\"16\" viewBox=\"0 0 24 24\"><path d=\"M9,17.2l5.1-10.9L15,6.8L9.9,17.6L9,17.2z\" \/><\/svg><\/span><\/div><\/div><\/div>\n\n<\/div><\/div><\/article><article class=\"kb-magazine-item kb-magazine-dynamic-item post-500 post type-post status-publish format-standard has-post-thumbnail hentry category-wiadomosci\"><div class=\"kb-post-item-inner kb-post-item-inner-has-overlay\"><div class=\"kb-post-item-thumb\" style=\"background-image: url(https:\/\/captcha.ms.polsl.pl\/wp-content\/uploads\/2024\/06\/432299947_122114485502226409_5189032136211830538_n-e1717505041850.jpg)\"><\/div><div class=\"kb-post-item-content\">\n\n<div class=\"wp-block-kenta-blocks-group kb-group-bbe525ec kb-group\"><div class=\"kb-group-inner-container\"><div class=\"kb-post-taxonomy kb-post-taxonomy-category kb-post-taxonomy-e34c0622 wp-block-kenta-blocks-post-taxonomy\" data-tax-type=\"badge\"><a href=\"https:\/\/captcha.ms.polsl.pl\/index.php\/category\/wiadomosci\/\" rel=\"tag\">Wiadomo\u015bci<\/a><\/div>\n\n<div class=\"kb-post-title kb-post-title-h2 kb-post-title-ff857a6c wp-block-kenta-blocks-post-title\"><h2><a href=\"https:\/\/captcha.ms.polsl.pl\/index.php\/2024\/06\/04\/witamy-na-stronie-skn-captcha\/\" target=\"_self\">Witamy na stronie SKN CAPTCHA<\/a><\/h2><\/div>\n\n<div class=\"kb-post-metas kb-post-metas-7b89f43c wp-block-kenta-blocks-post-metas\"><span class=\"byline meta-item\"> <i class=\"fas fa-feather\"><\/i><a class=\"kb-post-meta-link\" href=\"https:\/\/captcha.ms.polsl.pl\/index.php\/author\/admin\/\">admin<\/a><\/span><span class=\"meta-divider\"><svg xmlns=\"http:\/\/www.w3.org\/2000\/svg\" width=\"16\" height=\"16\" viewBox=\"0 0 24 24\"><path d=\"M9,17.2l5.1-10.9L15,6.8L9.9,17.6L9,17.2z\" \/><\/svg><\/span><span class=\"meta-item posted-on\"><i class=\"far fa-calendar\"><\/i><a class=\"kb-post-meta-link\" href=\"https:\/\/captcha.ms.polsl.pl\/index.php\/2024\/06\/04\/witamy-na-stronie-skn-captcha\/\" rel=\"bookmark\"><span class=\"entry-date\">cze 4, 2024cze 4, 2024<\/span><\/a><\/span><span class=\"meta-divider\"><svg xmlns=\"http:\/\/www.w3.org\/2000\/svg\" width=\"16\" height=\"16\" viewBox=\"0 0 24 24\"><path d=\"M9,17.2l5.1-10.9L15,6.8L9.9,17.6L9,17.2z\" \/><\/svg><\/span><\/div><\/div><\/div>\n\n<\/div><\/div><\/article><\/div><\/div>\n<\/div><\/div>\n\n\n\n<div class=\"wp-block-kenta-blocks-spacer kb-spacer-489a8810 kb-spacer\" aria-hidden=\"true\" id=\"community\"><\/div>\n\n\n\n<div class=\"wp-block-kenta-blocks-group kb-group-8609c165 kb-group\"><div class=\"kb-group-inner-container\">\n<h1 class=\"wp-block-heading has-text-align-center\">NASZA SPO\u0141ECZNO\u015a\u0106<\/h1>\n\n\n\n<p class=\"has-text-align-center\">Do\u0142\u0105cz do nas przez nasze media spo\u0142eczno\u015bciowe oraz poznaj cz\u0142onk\u00f3w naszego ko\u0142a<\/p>\n\n\n\n<ul class=\"wp-block-social-links is-style-pill-shape is-content-justification-center is-layout-flex wp-container-core-social-links-is-layout-a89b3969 wp-block-social-links-is-layout-flex\"><li class=\"wp-social-link wp-social-link-facebook  wp-block-social-link\"><a href=\"https:\/\/www.facebook.com\/profile.php?id=61556792294409\" class=\"wp-block-social-link-anchor\"><svg width=\"24\" height=\"24\" viewBox=\"0 0 24 24\" version=\"1.1\" xmlns=\"http:\/\/www.w3.org\/2000\/svg\" aria-hidden=\"true\" focusable=\"false\"><path d=\"M12 2C6.5 2 2 6.5 2 12c0 5 3.7 9.1 8.4 9.9v-7H7.9V12h2.5V9.8c0-2.5 1.5-3.9 3.8-3.9 1.1 0 2.2.2 2.2.2v2.5h-1.3c-1.2 0-1.6.8-1.6 1.6V12h2.8l-.4 2.9h-2.3v7C18.3 21.1 22 17 22 12c0-5.5-4.5-10-10-10z\"><\/path><\/svg><span class=\"wp-block-social-link-label screen-reader-text\">Facebook &#8211; SKN Interakcji cz\u0142owiek-maszyna Captcha<\/span><\/a><\/li>\n\n<li class=\"wp-social-link wp-social-link-mail  wp-block-social-link\"><a href=\"mailto:stu&#100;&#101;&#110;&#116;m&#115;ct&#102;&#064;&#111;u&#116;look&#046;com\" class=\"wp-block-social-link-anchor\"><svg width=\"24\" height=\"24\" viewBox=\"0 0 24 24\" version=\"1.1\" xmlns=\"http:\/\/www.w3.org\/2000\/svg\" aria-hidden=\"true\" focusable=\"false\"><path d=\"M19,5H5c-1.1,0-2,.9-2,2v10c0,1.1.9,2,2,2h14c1.1,0,2-.9,2-2V7c0-1.1-.9-2-2-2zm.5,12c0,.3-.2.5-.5.5H5c-.3,0-.5-.2-.5-.5V9.8l7.5,5.6,7.5-5.6V17zm0-9.1L12,13.6,4.5,7.9V7c0-.3.2-.5.5-.5h14c.3,0,.5.2.5.5v.9z\"><\/path><\/svg><span class=\"wp-block-social-link-label screen-reader-text\">Mail<\/span><\/a><\/li><\/ul>\n\n\n\n<div class=\"wp-block-kenta-blocks-buttons kb-buttons kb-buttons-1fdae795\">\n<div class=\"kb-button-wrapper kb-button-wrapper-5be686d0\"><a class=\"wp-block-kenta-blocks-button kb-button kb-button-5be686d0 kb-button-left\" href=\"index.php\/contact\"><span>KONTAKT<\/span><\/a><\/div>\n<\/div>\n<\/div><\/div>\n\n\n\n<div class=\"wp-block-kenta-blocks-spacer kb-spacer-3e2e2276 kb-spacer\" aria-hidden=\"true\"><\/div>\n","protected":false},"excerpt":{"rendered":"<p>AKTUALNO\u015aCI<\/p>\n","protected":false},"author":1,"featured_media":0,"parent":0,"menu_order":0,"comment_status":"closed","ping_status":"closed","template":"templates\/boxed-trans-header-page-builder.php","meta":{"site-container-style":"default","site-container-layout":"default","site-sidebar-layout":"default","site-transparent-header":"enable","disable-article-header":"yes","disable-site-header":"default","disable-site-footer":"default","disable-content-area-spacing":"default","footnotes":""},"class_list":["post-33","page","type-page","status-publish","hentry"],"_links":{"self":[{"href":"https:\/\/captcha.ms.polsl.pl\/index.php\/wp-json\/wp\/v2\/pages\/33","targetHints":{"allow":["GET"]}}],"collection":[{"href":"https:\/\/captcha.ms.polsl.pl\/index.php\/wp-json\/wp\/v2\/pages"}],"about":[{"href":"https:\/\/captcha.ms.polsl.pl\/index.php\/wp-json\/wp\/v2\/types\/page"}],"author":[{"embeddable":true,"href":"https:\/\/captcha.ms.polsl.pl\/index.php\/wp-json\/wp\/v2\/users\/1"}],"replies":[{"embeddable":true,"href":"https:\/\/captcha.ms.polsl.pl\/index.php\/wp-json\/wp\/v2\/comments?post=33"}],"version-history":[{"count":65,"href":"https:\/\/captcha.ms.polsl.pl\/index.php\/wp-json\/wp\/v2\/pages\/33\/revisions"}],"predecessor-version":[{"id":574,"href":"https:\/\/captcha.ms.polsl.pl\/index.php\/wp-json\/wp\/v2\/pages\/33\/revisions\/574"}],"wp:attachment":[{"href":"https:\/\/captcha.ms.polsl.pl\/index.php\/wp-json\/wp\/v2\/media?parent=33"}],"curies":[{"name":"wp","href":"https:\/\/api.w.org\/{rel}","templated":true}]}}