{"id":182,"date":"2024-03-09T14:36:54","date_gmt":"2024-03-09T14:36:54","guid":{"rendered":"https:\/\/kentatheme.com\/kenta-creato\/?page_id=180"},"modified":"2025-03-27T12:20:42","modified_gmt":"2025-03-27T11:20:42","slug":"contact","status":"publish","type":"page","link":"https:\/\/captcha.ms.polsl.pl\/index.php\/contact\/","title":{"rendered":"Kontakt"},"content":{"rendered":"\n<div class=\"wp-block-cover alignfull has-custom-content-position is-position-bottom-center\" style=\"padding-top:var(--wp--preset--spacing--70);padding-bottom:var(--wp--preset--spacing--70);min-height:450px;aspect-ratio:unset;\"><span aria-hidden=\"true\" class=\"wp-block-cover__background has-black-background-color has-background-dim-60 has-background-dim\"><\/span><img loading=\"lazy\" decoding=\"async\" width=\"1170\" height=\"380\" class=\"wp-block-cover__image-background wp-image-468\" alt=\"\" src=\"https:\/\/captcha.ms.polsl.pl\/wp-content\/uploads\/2024\/06\/rms_img-e1717488563839.jpg\" data-object-fit=\"cover\" srcset=\"https:\/\/captcha.ms.polsl.pl\/wp-content\/uploads\/2024\/06\/rms_img-e1717488563839.jpg 1170w, https:\/\/captcha.ms.polsl.pl\/wp-content\/uploads\/2024\/06\/rms_img-e1717488563839-300x97.jpg 300w, https:\/\/captcha.ms.polsl.pl\/wp-content\/uploads\/2024\/06\/rms_img-e1717488563839-1024x333.jpg 1024w, https:\/\/captcha.ms.polsl.pl\/wp-content\/uploads\/2024\/06\/rms_img-e1717488563839-768x249.jpg 768w\" sizes=\"auto, (max-width: 1170px) 100vw, 1170px\" \/><div class=\"wp-block-cover__inner-container has-global-padding is-layout-constrained wp-block-cover-is-layout-constrained\">\n<div class=\"wp-block-group has-global-padding is-content-justification-center is-layout-constrained wp-container-core-group-is-layout-7096b4ca wp-block-group-is-layout-constrained\">\n<div class=\"wp-block-kenta-blocks-spacer kb-spacer-6c0a230c kb-spacer\" aria-hidden=\"true\"><\/div>\n\n\n\n<h1 class=\"wp-block-heading has-text-align-center has-text-color has-link-color wp-elements-6c83bab8f53d6f7e159adb2105a81a45\" style=\"color:#fbfbfb\">KONTAKT<\/h1>\n\n\n\n<p class=\"has-text-align-center has-text-color has-link-color wp-elements-db2fe446b86e5981fd65e9940f8fb74f\" style=\"color:#fbfbfb\">Studenckie Ko\u0142o Naukowe Interakcja Cz\u0142owiek-Maszyna <em>CAPTCHA<\/em><br>Wydzia\u0142 Matematyki Stosowanej Politechniki \u015al\u0105skiej w Gliwicach<\/p>\n\n\n\n<div class=\"wp-block-kenta-blocks-spacer kb-spacer-d7bfcc97 kb-spacer\" aria-hidden=\"true\"><\/div>\n<\/div>\n<\/div><\/div>\n\n\n\n<div class=\"wp-block-kenta-blocks-spacer kb-spacer-ddf768d6 kb-spacer\" aria-hidden=\"true\"><\/div>\n\n\n\n<div class=\"wp-block-kenta-blocks-group kb-group-cef49174 kb-group\"><div class=\"kb-group-inner-container\">\n<h3 class=\"wp-block-heading has-text-align-center\"><strong>Opiekun ko\u0142a<\/strong><\/h3>\n\n\n\n<hr class=\"wp-block-kenta-blocks-separator kb-separator-ee06fe11 kb-separator\"\/>\n\n\n\n<p class=\"has-text-align-center\">dr in\u017c. Adrian Kapczy\u0144ski<\/p>\n\n\n\n<h3 class=\"wp-block-heading has-text-align-center\"><strong>Opiekun pomocniczy ko\u0142a<\/strong><\/h3>\n\n\n\n<hr class=\"wp-block-kenta-blocks-separator kb-separator-a71f6c70 kb-separator\"\/>\n\n\n\n<p class=\"has-text-align-center\">dr in\u017c. Marcin Lawnik<\/p>\n\n\n\n<div class=\"wp-block-kenta-blocks-spacer kb-spacer-84a57df4 kb-spacer\" aria-hidden=\"true\"><\/div>\n\n\n\n<h3 class=\"wp-block-heading has-text-align-center\"><strong>Przewodnicz\u0105cy ko\u0142a<\/strong><\/h3>\n\n\n\n<hr class=\"wp-block-kenta-blocks-separator kb-separator-3a716fc7 kb-separator\"\/>\n\n\n\n<p class=\"has-text-align-center\">Julian Dudka<\/p>\n\n\n\n<h3 class=\"wp-block-heading has-text-align-center\"><strong>Vice-Przewodnicz\u0105cy ko\u0142a<\/strong><\/h3>\n\n\n\n<hr class=\"wp-block-kenta-blocks-separator kb-separator-a675e627 kb-separator\"\/>\n\n\n\n<p class=\"has-text-align-center\">Gra\u017cyna Wyrtki<\/p>\n\n\n\n<h3 class=\"wp-block-heading has-text-align-center\"><strong>Skarbnik ko\u0142a<\/strong><\/h3>\n\n\n\n<hr class=\"wp-block-kenta-blocks-separator kb-separator-36ba5e6e kb-separator\"\/>\n\n\n\n<p class=\"has-text-align-center\">Piotr Bednarz<\/p>\n<\/div><\/div>\n\n\n\n<div class=\"wp-block-kenta-blocks-spacer kb-spacer-d09d3e25 kb-spacer\" aria-hidden=\"true\"><\/div>\n\n\n\n<div class=\"wp-block-kenta-blocks-section kb-section-843ddacb kb-section\"><div class=\"kb-section-container\">\n<div class=\"wp-block-kenta-blocks-column kb-column-wrapper kb-column-wrapper-6839b883\"><div class=\"kb-column kb-column-6839b883\"><div class=\"kb-column-content\">\n<iframe src=\"https:\/\/www.google.com\/maps\/embed?pb=!1m18!1m12!1m3!1d1271.1026734901227!2d18.67893335449964!3d50.29120793328359!2m3!1f0!2f0!3f0!3m2!1i1024!2i768!4f13.1!3m3!1m2!1s0x47113101aa09878f%3A0x2af824708446b718!2sKaszubska%2023%2C%2044-100%20Gliwice!5e0!3m2!1sen!2spl!4v1715177337966!5m2!1sen!2spl\" width=\"500\" height=\"400\" style=\"border:0;\" allowfullscreen=\"\" loading=\"lazy\" referrerpolicy=\"no-referrer-when-downgrade\"><\/iframe>\n<\/div><\/div><\/div>\n\n\n\n<div class=\"wp-block-kenta-blocks-column kb-column-wrapper kb-column-wrapper-b32307ad\"><div class=\"kb-column kb-column-b32307ad\"><div class=\"kb-column-content\">\n<div class=\"wp-block-group is-vertical is-content-justification-center is-layout-flex wp-container-core-group-is-layout-159747ad wp-block-group-is-layout-flex\">\n<div class=\"wp-block-kenta-blocks-heading kb-heading kb-heading-h2 kb-heading-e2fd7dd7\"><h2 class=\"\">Chcesz nas odwiedzi\u0107?<\/h2><\/div>\n\n\n\n<div class=\"wp-block-group has-global-padding is-layout-constrained wp-container-core-group-is-layout-e0082cf6 wp-block-group-is-layout-constrained\">\n<p>Kaszubska 23<br><br>Gliwice, 44-100<\/p>\n<\/div>\n\n\n\n<p><strong>Email<\/strong>: studentmsctf@outlook.com<\/p>\n<\/div>\n<\/div><\/div><\/div>\n<\/div><\/div>\n\n\n\n<div class=\"wp-block-kenta-blocks-spacer kb-spacer-7a06670b kb-spacer\" aria-hidden=\"true\"><\/div>\n","protected":false},"excerpt":{"rendered":"","protected":false},"author":1,"featured_media":0,"parent":0,"menu_order":0,"comment_status":"closed","ping_status":"closed","template":"templates\/boxed-page-builder.php","meta":{"site-container-style":"default","site-container-layout":"default","site-sidebar-layout":"default","site-transparent-header":"enable","disable-article-header":"yes","disable-site-header":"default","disable-site-footer":"default","disable-content-area-spacing":"default","footnotes":""},"class_list":["post-182","page","type-page","status-publish","hentry"],"_links":{"self":[{"href":"https:\/\/captcha.ms.polsl.pl\/index.php\/wp-json\/wp\/v2\/pages\/182","targetHints":{"allow":["GET"]}}],"collection":[{"href":"https:\/\/captcha.ms.polsl.pl\/index.php\/wp-json\/wp\/v2\/pages"}],"about":[{"href":"https:\/\/captcha.ms.polsl.pl\/index.php\/wp-json\/wp\/v2\/types\/page"}],"author":[{"embeddable":true,"href":"https:\/\/captcha.ms.polsl.pl\/index.php\/wp-json\/wp\/v2\/users\/1"}],"replies":[{"embeddable":true,"href":"https:\/\/captcha.ms.polsl.pl\/index.php\/wp-json\/wp\/v2\/comments?post=182"}],"version-history":[{"count":43,"href":"https:\/\/captcha.ms.polsl.pl\/index.php\/wp-json\/wp\/v2\/pages\/182\/revisions"}],"predecessor-version":[{"id":571,"href":"https:\/\/captcha.ms.polsl.pl\/index.php\/wp-json\/wp\/v2\/pages\/182\/revisions\/571"}],"wp:attachment":[{"href":"https:\/\/captcha.ms.polsl.pl\/index.php\/wp-json\/wp\/v2\/media?parent=182"}],"curies":[{"name":"wp","href":"https:\/\/api.w.org\/{rel}","templated":true}]}}