{"id":143,"date":"2024-03-09T13:42:41","date_gmt":"2024-03-09T13:42:41","guid":{"rendered":"https:\/\/kentatheme.com\/kenta-creato\/?page_id=143"},"modified":"2024-06-14T12:21:08","modified_gmt":"2024-06-14T10:21:08","slug":"about","status":"publish","type":"page","link":"https:\/\/captcha.ms.polsl.pl\/index.php\/about\/","title":{"rendered":"O nas"},"content":{"rendered":"\n<div class=\"wp-block-cover alignfull has-custom-content-position is-position-bottom-center wp-duotone-midnight\" style=\"padding-top:var(--wp--preset--spacing--70);padding-bottom:var(--wp--preset--spacing--70);min-height:400px;aspect-ratio:unset;\"><span aria-hidden=\"true\" class=\"wp-block-cover__background has-black-background-color has-background-dim-60 has-background-dim\"><\/span><img loading=\"lazy\" decoding=\"async\" width=\"2560\" height=\"1902\" class=\"wp-block-cover__image-background wp-image-490\" alt=\"\" src=\"https:\/\/captcha.ms.polsl.pl\/wp-content\/uploads\/2024\/06\/IMG_8418-scaled-e1717525430205.jpg\" style=\"object-position:51% 15%\" data-object-fit=\"cover\" data-object-position=\"51% 15%\" srcset=\"https:\/\/captcha.ms.polsl.pl\/wp-content\/uploads\/2024\/06\/IMG_8418-scaled-e1717525430205.jpg 2560w, https:\/\/captcha.ms.polsl.pl\/wp-content\/uploads\/2024\/06\/IMG_8418-scaled-e1717525430205-300x223.jpg 300w, https:\/\/captcha.ms.polsl.pl\/wp-content\/uploads\/2024\/06\/IMG_8418-scaled-e1717525430205-1024x761.jpg 1024w, https:\/\/captcha.ms.polsl.pl\/wp-content\/uploads\/2024\/06\/IMG_8418-scaled-e1717525430205-768x571.jpg 768w, https:\/\/captcha.ms.polsl.pl\/wp-content\/uploads\/2024\/06\/IMG_8418-scaled-e1717525430205-1536x1141.jpg 1536w, https:\/\/captcha.ms.polsl.pl\/wp-content\/uploads\/2024\/06\/IMG_8418-scaled-e1717525430205-2048x1522.jpg 2048w\" sizes=\"auto, (max-width: 2560px) 100vw, 2560px\" \/><div class=\"wp-block-cover__inner-container has-global-padding is-layout-constrained wp-block-cover-is-layout-constrained\">\n<div class=\"wp-block-group has-global-padding is-content-justification-center is-layout-constrained wp-container-core-group-is-layout-7096b4ca wp-block-group-is-layout-constrained\"><h1 class=\"has-text-align-center has-link-color wp-elements-0f7d1e4dd4fe1780e1a44df86538a008 wp-block-post-title has-text-color has-white-color has-kenta-font-xlarge-font-size\">O nas<\/h1>\n\n\n<p class=\"has-text-align-center has-text-color has-link-color wp-elements-d0fd7d2ae1bdea4d62229f8602dfcf87\" style=\"color:#ffffff99\">Jeste\u015bmy CAPTCHA \u2013 studenckim ko\u0142em naukowym zafascynowanym informatyk\u0105 i interakcj\u0105 cz\u0142owiek-maszyna.<\/p>\n<\/div>\n<\/div><\/div>\n\n\n\n<div class=\"wp-block-kenta-blocks-cover alignfull kb-cover-69aed6e9 kb-cover kb-cover-has-overlay\"><div class=\"kb-cover-inner-container\">\n<div class=\"wp-block-kenta-blocks-section kb-section-07c3efae kb-section\"><div class=\"kb-section-container\">\n<div class=\"wp-block-kenta-blocks-column kb-column-wrapper kb-column-wrapper-617e4815\"><div class=\"kb-column kb-column-617e4815\"><div class=\"kb-column-content\">\n<div class=\"wp-block-kenta-blocks-paragraph kb-paragraph kb-paragraph-12f43e83\"><p class=\"\">NASZA PASJA<\/p><\/div>\n\n\n\n<p>Nasza pasja do informatyki \u0142\u0105czy si\u0119 z ciekawo\u015bci\u0105 nad interakcj\u0105 mi\u0119dzy lud\u017ami a maszynami. Nasze spotkania i projekty skupiaj\u0105 si\u0119 na zg\u0142\u0119bianiu tajemnic sztucznej inteligencji, algorytm\u00f3w, programowania, technologii, kryptografii oraz wyzwa\u0144 zwi\u0105zanych z automatyzacj\u0105. Wierzymy, \u017ce wsp\u00f3\u0142praca mi\u0119dzy lud\u017ami a maszynami ma potencja\u0142 do zmieniania \u015bwiata na lepsze, dlatego nieustannie eksplorujemy nowe mo\u017cliwo\u015bci i rozwi\u0105zujemy problemy zwi\u0105zane z t\u0105 interakcj\u0105.<\/p>\n<\/div><\/div><\/div>\n\n\n\n<div class=\"wp-block-kenta-blocks-column kb-column-wrapper kb-column-wrapper-2326c821\"><div class=\"kb-column kb-column-2326c821\"><div class=\"kb-column-content\">\n<figure class=\"wp-block-kenta-blocks-image kb-image kb-image-d6f2892d\"><img decoding=\"async\" src=\"https:\/\/captcha.ms.polsl.pl\/wp-content\/uploads\/2024\/06\/432299947_122114485502226409_5189032136211830538_n-e1717505041850-1024x877.jpg\" alt=\"\"\/><\/figure>\n<\/div><\/div><\/div>\n<\/div><\/div>\n\n\n\n<hr class=\"wp-block-kenta-blocks-separator kb-separator-b5be47ea kb-separator\"\/>\n\n\n\n<div class=\"wp-block-kenta-blocks-section kb-section-36f66750 kb-section\"><div class=\"kb-section-container\">\n<div class=\"wp-block-kenta-blocks-column kb-column-wrapper kb-column-wrapper-103130f4\"><div class=\"kb-column kb-column-103130f4\"><div class=\"kb-column-content\">\n<figure class=\"wp-block-kenta-blocks-image kb-image kb-image-259f1f0a\"><img decoding=\"async\" src=\"https:\/\/captcha.ms.polsl.pl\/wp-content\/uploads\/2024\/06\/tlo-e1717529361815.jpg\" alt=\"\"\/><\/figure>\n<\/div><\/div><\/div>\n\n\n\n<div class=\"wp-block-kenta-blocks-column kb-column-wrapper kb-column-wrapper-896f0ff4\"><div class=\"kb-column kb-column-896f0ff4\"><div class=\"kb-column-content\">\n<div class=\"wp-block-kenta-blocks-paragraph kb-paragraph kb-paragraph-b2717e76\"><p class=\"\">nASZ ZESP\u00d3\u0141<\/p><\/div>\n\n\n\n<p>Nasz zesp\u00f3\u0142 sk\u0142ada si\u0119 z pasjonat\u00f3w informatyki, kt\u00f3rzy nie tylko doskonal\u0105 swoje umiej\u0119tno\u015bci techniczne, ale tak\u017ce anga\u017cuj\u0105 si\u0119 w r\u00f3\u017cnorodne projekty badawcze, tw\u00f3rcze i spo\u0142eczne. Organizujemy warsztaty, wyk\u0142ady, konkursy i konferencje, aby dzieli\u0107 si\u0119 nasz\u0105 wiedz\u0105 z innymi studentami i propagowa\u0107 zainteresowanie informatyk\u0105 oraz interakcj\u0105 cz\u0142owiek-maszyna w\u015br\u00f3d szerokiej spo\u0142eczno\u015bci akademickiej.<\/p>\n<\/div><\/div><\/div>\n<\/div><\/div>\n\n\n\n<hr class=\"wp-block-kenta-blocks-separator kb-separator-c3c8cb66 kb-separator\"\/>\n\n\n\n<div class=\"wp-block-kenta-blocks-section kb-section-a43e4115 kb-section\"><div class=\"kb-section-container\">\n<div class=\"wp-block-kenta-blocks-column kb-column-wrapper kb-column-wrapper-fca56187\"><div class=\"kb-column kb-column-fca56187\"><div class=\"kb-column-content\">\n<div class=\"wp-block-kenta-blocks-paragraph kb-paragraph kb-paragraph-eafc9bc8\"><p class=\"\">nASZA WSP\u00d3\u0141PRACA<\/p><\/div>\n\n\n\n<p>Jeste\u015bmy otwarci na wsp\u00f3\u0142prac\u0119 z innymi ko\u0142ami naukowymi, firmami, instytucjami oraz wszystkimi zainteresowanymi rozwijaniem technologii i wspieraniem interakcji mi\u0119dzy lud\u017ami a maszynami. Je\u015bli podoba Ci si\u0119 to, co robimy i chcia\u0142by\u015b do nas do\u0142\u0105czy\u0107 lub nawi\u0105za\u0107 wsp\u00f3\u0142prac\u0119, serdecznie zapraszamy!<br><\/p>\n<\/div><\/div><\/div>\n\n\n\n<div class=\"wp-block-kenta-blocks-column kb-column-wrapper kb-column-wrapper-0a047aa5\"><div class=\"kb-column kb-column-0a047aa5\"><div class=\"kb-column-content\">\n<figure class=\"wp-block-kenta-blocks-image kb-image kb-image-c355bc50\"><img decoding=\"async\" src=\"https:\/\/captcha.ms.polsl.pl\/wp-content\/uploads\/2024\/06\/logo_1753c-e1717525904252.png\" alt=\"\"\/><\/figure>\n<\/div><\/div><\/div>\n<\/div><\/div>\n\n\n\n<hr class=\"wp-block-kenta-blocks-separator kb-separator-2dbb42ce kb-separator\"\/>\n\n\n\n<div class=\"wp-block-kenta-blocks-paragraph kb-paragraph kb-paragraph-a0fbc854\"><p class=\"\">Do\u0142\u0105cz do naszej spo\u0142eczno\u015bci i razem odkrywajmy fascynuj\u0105cy \u015bwiat informatyki i interakcji cz\u0142owiek-maszyna!<br><br>Zapraszamy do \u015bledzenia naszych dzia\u0142a\u0144 na naszych mediach spo\u0142eczno\u015bciowych oraz do kontaktu z nami w przypadku jakichkolwiek pyta\u0144 lub propozycji wsp\u00f3\u0142pracy.<br><br>Do zobaczenia na naszych spotkaniach!<br><br>Zesp\u00f3\u0142 CAPTCHA<\/p><\/div>\n<\/div><\/div>\n","protected":false},"excerpt":{"rendered":"","protected":false},"author":1,"featured_media":0,"parent":0,"menu_order":0,"comment_status":"closed","ping_status":"closed","template":"","meta":{"site-container-style":"default","site-container-layout":"default","site-sidebar-layout":"default","site-transparent-header":"enable","disable-article-header":"yes","disable-site-header":"default","disable-site-footer":"default","disable-content-area-spacing":"default","footnotes":""},"class_list":["post-143","page","type-page","status-publish","hentry"],"_links":{"self":[{"href":"https:\/\/captcha.ms.polsl.pl\/index.php\/wp-json\/wp\/v2\/pages\/143","targetHints":{"allow":["GET"]}}],"collection":[{"href":"https:\/\/captcha.ms.polsl.pl\/index.php\/wp-json\/wp\/v2\/pages"}],"about":[{"href":"https:\/\/captcha.ms.polsl.pl\/index.php\/wp-json\/wp\/v2\/types\/page"}],"author":[{"embeddable":true,"href":"https:\/\/captcha.ms.polsl.pl\/index.php\/wp-json\/wp\/v2\/users\/1"}],"replies":[{"embeddable":true,"href":"https:\/\/captcha.ms.polsl.pl\/index.php\/wp-json\/wp\/v2\/comments?post=143"}],"version-history":[{"count":20,"href":"https:\/\/captcha.ms.polsl.pl\/index.php\/wp-json\/wp\/v2\/pages\/143\/revisions"}],"predecessor-version":[{"id":559,"href":"https:\/\/captcha.ms.polsl.pl\/index.php\/wp-json\/wp\/v2\/pages\/143\/revisions\/559"}],"wp:attachment":[{"href":"https:\/\/captcha.ms.polsl.pl\/index.php\/wp-json\/wp\/v2\/media?parent=143"}],"curies":[{"name":"wp","href":"https:\/\/api.w.org\/{rel}","templated":true}]}}